{"id":619,"date":"2017-06-14T10:06:56","date_gmt":"2017-06-14T10:06:56","guid":{"rendered":"http:\/\/vivecnp.supgalicia.com\/?page_id=619"},"modified":"2017-06-14T10:06:56","modified_gmt":"2017-06-14T10:06:56","slug":"funciones-del-psicologo-y-de-la-seccion-de-salud-mental-de-la-dgp","status":"publish","type":"page","link":"http:\/\/vivecnp.supgalicia.com\/?page_id=619","title":{"rendered":"Funciones del Psic\u00f3logo y de la Secci\u00f3n de Salud Mental de la DGP"},"content":{"rendered":"<p><strong>Funciones de la Secci\u00f3n de Salud Mental de la DGP<\/strong><\/p>\n<p>-Determinaci\u00f3n de los factores que pueden incidir negativamente en la salud mental de los componentes del colectivo policial.<\/p>\n<p>-Detecci\u00f3n e incidencia de estos factores en los grupos de riesgo.<\/p>\n<p>-Detecci\u00f3n precoz de psicopatolog\u00edas.<\/p>\n<p>-Orientaci\u00f3n psicol\u00f3gica a los funcionarios policiales que tengan dificultades de obtenerla en otros centros.<\/p>\n<p>-Facilitar a los mandos informaci\u00f3n y medidas tendentes a mejorar las condiciones de trabajo que incidan en la salud mental de los funcionarios.<\/p>\n<p>-Cumplimiento de la Resoluci\u00f3n 60 de 13 de julio de 1990 de la DGP.<\/p>\n<p><strong>Funciones del psic\u00f3logo de la Secci\u00f3n de Salud Mental de la DGP<\/strong><\/p>\n<p>-Verificar y constatar las causas de incapacidad psicol\u00f3gica transitoria para el servicio (medidas profil\u00e1cticas, retirada del arma).<\/p>\n<p>-Ejecutar el seguimiento de la evoluci\u00f3n del proceso psicopatol\u00f3gico mediante entrevistas.<\/p>\n<p>-Evaluar la capacidad psicol\u00f3gica para el servicio policial del personal que se reincorpora al trabajo proponiendo medidas (horarios, cambios de puesto de trabajo\u2026).<\/p>\n<p>-Elaborar informes sobre las aptitudes ps\u00edquicas de los funcionarios a requerimiento de los \u00f3rganos policiales.<\/p>\n<p>-Emitir informes psicol\u00f3gicos en las propuestas de incapacidad u otros.<\/p>\n<p>-Administrar y evaluar las pruebas psicol\u00f3gicas incluidas dentro del reconocimiento m\u00e9dico peri\u00f3dico y constatarlo mediante entrevista cl\u00ednica que se reflejar\u00e1 en el informe de reconocimiento.<\/p>\n<p>-Proponer la interrupci\u00f3n de la actividad laboral y retirada cautelar de las armas que posea el funcionario policial.<\/p>\n","protected":false},"excerpt":{"rendered":"<p>Funciones de la Secci\u00f3n de Salud Mental de la DGP -Determinaci\u00f3n de los factores que pueden incidir negativamente en la salud mental de los componentes del colectivo policial. -Detecci\u00f3n e incidencia de estos factores en los grupos de riesgo. -Detecci\u00f3n precoz de psicopatolog\u00edas. -Orientaci\u00f3n psicol\u00f3gica a los funcionarios policiales que tengan dificultades de obtenerla en [&hellip;]<\/p>\n","protected":false},"author":3,"featured_media":0,"parent":0,"menu_order":0,"comment_status":"closed","ping_status":"closed","template":"","meta":{"footnotes":""},"class_list":["post-619","page","type-page","status-publish","hentry"],"_links":{"self":[{"href":"http:\/\/vivecnp.supgalicia.com\/index.php?rest_route=\/wp\/v2\/pages\/619","targetHints":{"allow":["GET"]}}],"collection":[{"href":"http:\/\/vivecnp.supgalicia.com\/index.php?rest_route=\/wp\/v2\/pages"}],"about":[{"href":"http:\/\/vivecnp.supgalicia.com\/index.php?rest_route=\/wp\/v2\/types\/page"}],"author":[{"embeddable":true,"href":"http:\/\/vivecnp.supgalicia.com\/index.php?rest_route=\/wp\/v2\/users\/3"}],"replies":[{"embeddable":true,"href":"http:\/\/vivecnp.supgalicia.com\/index.php?rest_route=%2Fwp%2Fv2%2Fcomments&post=619"}],"version-history":[{"count":1,"href":"http:\/\/vivecnp.supgalicia.com\/index.php?rest_route=\/wp\/v2\/pages\/619\/revisions"}],"predecessor-version":[{"id":620,"href":"http:\/\/vivecnp.supgalicia.com\/index.php?rest_route=\/wp\/v2\/pages\/619\/revisions\/620"}],"wp:attachment":[{"href":"http:\/\/vivecnp.supgalicia.com\/index.php?rest_route=%2Fwp%2Fv2%2Fmedia&parent=619"}],"curies":[{"name":"wp","href":"https:\/\/api.w.org\/{rel}","templated":true}]}}