{"id":350,"date":"2015-05-22T09:09:58","date_gmt":"2015-05-22T09:09:58","guid":{"rendered":"http:\/\/vivecnp.supgalicia.com\/?page_id=350"},"modified":"2015-05-22T09:09:58","modified_gmt":"2015-05-22T09:09:58","slug":"prevencion-del-suicidio","status":"publish","type":"page","link":"http:\/\/vivecnp.supgalicia.com\/?page_id=350","title":{"rendered":"Prevenci\u00f3n del suicidio."},"content":{"rendered":"<p><strong>ViveCNP<\/strong> nace por la sensibilidad de algunos compa\u00f1eros a este problema de salud dentro de la Polic\u00eda. Todos los meses aparece un nuevo caso en el CNP, lo que justifica que SUP ponga a disposici\u00f3n de todos los miembros del colectivo policial este recurso para contrarrestar esta lacra. A continuaci\u00f3n os vamos a ense\u00f1ar unas claves que ha redactado la ONU para intentar detectar este problema.<\/p>\n<p>La <strong>enfermedad mental<\/strong> es el primer factor de riesgo, especialmente asociado a episodios agudos de enfermedad, reciente salida del hospital\u2026 Los trastornos mentales vinculados al suicidio son depresi\u00f3n, abuso de sustancias, esquizofrenia y trastornos de personalidad.<\/p>\n<p>La<strong> intenci\u00f3n de morir<\/strong> es otro\u00a0 elemento que se considera como riesgo, es la expresi\u00f3n de una intenci\u00f3n clara de morir, si tiene un plan inmediato y si tiene acceso a las armas u otros medios.<\/p>\n<p>Un<strong> previo intento suicida<\/strong>, <strong>\u00a0<\/strong>la mitad de las personas que se suicidan tiene una historia previa de intentos suicidas.<\/p>\n<p>El<strong> acceso a armas de fuego, pesticidas u otros medios letales<\/strong>, la accesibilidad a los mismos es un elemento facilitador y de consumaci\u00f3n efectiva del suicidio.<\/p>\n<p>El <strong>g\u00e9nero<\/strong>, las mujeres tienen m\u00e1s ideas suicidas, \u00a0pero son los hombres quienes consuman m\u00e1s el acto suicida.<\/p>\n<p>La<strong> edad<\/strong>, los suicidios pueden ocurrir a cualquier edad, pero con mayor frecuencia en j\u00f3venes y ancianos.<\/p>\n<p>Los<strong> factores psicosociales estresantes<\/strong>, la p\u00e9rdida de una relaci\u00f3n cercana tal como la muerte o divorcio, p\u00e9rdida de empleo y otras p\u00e9rdidas relacionadas con el trabajo, enfermedad cr\u00f3nica o discapacidad, dolor cr\u00f3nico, procesos legales, conflictos interpersonales y otros eventos importantes de la vida.<\/p>\n<p>Todos estos factores se pueden dar por separado o conjuntamente, pero nos est\u00e1n indicando las claves que hemos de identificar cuando a alg\u00fan compa\u00f1ero, familiar\u2026 las padezcan, buscando en el menor tiempo posible recursos y medios para resolver los problemas. M\u00e9dicos, psic\u00f3logos y otros profesionales de la salud est\u00e1n para el servicio de los dem\u00e1s, aprovech\u00e9moslo\u2026.<\/p>\n<p>\u2026.los papeles del Psic\u00f3logo\u2026<\/p>\n","protected":false},"excerpt":{"rendered":"<p>ViveCNP nace por la sensibilidad de algunos compa\u00f1eros a este problema de salud dentro de la Polic\u00eda. Todos los meses aparece un nuevo caso en el CNP, lo que justifica que SUP ponga a disposici\u00f3n de todos los miembros del colectivo policial este recurso para contrarrestar esta lacra. A continuaci\u00f3n os vamos a ense\u00f1ar unas [&hellip;]<\/p>\n","protected":false},"author":4,"featured_media":317,"parent":0,"menu_order":0,"comment_status":"open","ping_status":"open","template":"","meta":{"footnotes":""},"class_list":["post-350","page","type-page","status-publish","has-post-thumbnail","hentry"],"_links":{"self":[{"href":"http:\/\/vivecnp.supgalicia.com\/index.php?rest_route=\/wp\/v2\/pages\/350","targetHints":{"allow":["GET"]}}],"collection":[{"href":"http:\/\/vivecnp.supgalicia.com\/index.php?rest_route=\/wp\/v2\/pages"}],"about":[{"href":"http:\/\/vivecnp.supgalicia.com\/index.php?rest_route=\/wp\/v2\/types\/page"}],"author":[{"embeddable":true,"href":"http:\/\/vivecnp.supgalicia.com\/index.php?rest_route=\/wp\/v2\/users\/4"}],"replies":[{"embeddable":true,"href":"http:\/\/vivecnp.supgalicia.com\/index.php?rest_route=%2Fwp%2Fv2%2Fcomments&post=350"}],"version-history":[{"count":1,"href":"http:\/\/vivecnp.supgalicia.com\/index.php?rest_route=\/wp\/v2\/pages\/350\/revisions"}],"predecessor-version":[{"id":351,"href":"http:\/\/vivecnp.supgalicia.com\/index.php?rest_route=\/wp\/v2\/pages\/350\/revisions\/351"}],"wp:featuredmedia":[{"embeddable":true,"href":"http:\/\/vivecnp.supgalicia.com\/index.php?rest_route=\/wp\/v2\/media\/317"}],"wp:attachment":[{"href":"http:\/\/vivecnp.supgalicia.com\/index.php?rest_route=%2Fwp%2Fv2%2Fmedia&parent=350"}],"curies":[{"name":"wp","href":"https:\/\/api.w.org\/{rel}","templated":true}]}}