{"id":139,"date":"2015-01-04T22:57:53","date_gmt":"2015-01-04T22:57:53","guid":{"rendered":"http:\/\/vivecnp.supgalicia.com\/?page_id=139"},"modified":"2015-02-15T21:26:41","modified_gmt":"2015-02-15T21:26:41","slug":"139-2","status":"publish","type":"page","link":"http:\/\/vivecnp.supgalicia.com\/?page_id=139","title":{"rendered":"Ayuda a tu compa\u00f1ero"},"content":{"rendered":"<p>Estimados compa\u00f1eros:<\/p>\n<p>Esta secci\u00f3n est\u00e1 enfocado para que ayudes a tu compa\u00f1ero.<\/p>\n<p style=\"text-align: justify;\">Son tiempos dif\u00edciles y son muchos los compa\u00f1eros que debido a diferentes circunstancias del \u00e1mbito laboral, familiar, econ\u00f3mico ect, est\u00e1n en un momento delicado de sus vidas, si bien ,en muchas ocasiones estos h\u00e9roes, no quieren manifestar su malestar o mejor dicho, no desean compartir con los dem\u00e1s sus problemas personales debido a muchos factores de diversa \u00edndole, como por ejemplo para que no les hagan da\u00f1o o para aparentar que no tienen problemas de inseguridad o simplemente como una prueba m\u00e1s de superaci\u00f3n. Estos motivos son por otro lado\u00a0 m\u00e1s que respetables y entendibles.<\/p>\n<p style=\"text-align: justify;\">Somos un colectivo numeroso y estoy seguro que muchos de vosotros hab\u00e9is pasado por una etapa compleja en vuestras vidas,\u00a0 en que las mismas no ten\u00edan sentido y os ve\u00edas en un t\u00fanel oscuro en el que a pesar de caminar y caminar nunca llegaba esa luz tan deseada.<br \/>\nPues dicho eso, nos gustar\u00eda recopilar algunas historias an\u00f3nimas de superaci\u00f3n personal,\u00a0 de c\u00f3mo hab\u00e9is conseguido superar esas situaciones y c\u00f3mo llegasteis\u00a0 al final del t\u00fanel, puesto que seguramente vuestras experiencias les servir\u00e1n de aliento a nuestros compa\u00f1eros, como una bocanada de aire fresco y posiblemente en alguna de esas historias, alguno de nuestros compa\u00f1eros se ver\u00e1 reflejado y les servir\u00e1 como gu\u00eda para luchar y salir adelante.<\/p>\n<p style=\"text-align: justify;\">\u00a1Cuenta tu historia de superaci\u00f3n! \u00a1Haz llegar tu mensaje de \u00e1nimo a quien lo lee, como si estuvieras escribiendo en tu propio diario! Pod\u00e9is hacerlo de forma an\u00f3nima y hac\u00e9rnoslo llegar al correo vivecnp@gmail.com o bien desde un mensaje privado o a trav\u00e9s de esta web.Posteriormente esas historias se publicar\u00e1n en la p\u00e1gina referida,\u00a0 preservando vuestra identidad.<\/p>\n<p style=\"text-align: justify;\">Desde aqu\u00ed, queremos aprovechar y agradecer de coraz\u00f3n en nombre de \u201cvivecnp\u201d a todas aquellas personas que a trav\u00e9s de un medio u otro se han interesado por el proyecto y en especial a aquellos que de forma desinteresada se han ofrecido a colaborar en el mismo lo que es un reflejo de que somos un colectivo ejemplar.<\/p>\n<p style=\"text-align: justify;\">Un cordial saludo y que sep\u00e1is que no est\u00e1is solos.<\/p>\n<p style=\"text-align: justify;\">VIVA LA FAMILIA DEL CNP.<\/p>\n\n<div class=\"wpcf7 no-js\" id=\"wpcf7-f132-o1\" lang=\"es-ES\" dir=\"ltr\" data-wpcf7-id=\"132\">\n<div class=\"screen-reader-response\"><p role=\"status\" aria-live=\"polite\" aria-atomic=\"true\"><\/p> <ul><\/ul><\/div>\n<form action=\"\/index.php?rest_route=%2Fwp%2Fv2%2Fpages%2F139#wpcf7-f132-o1\" method=\"post\" class=\"wpcf7-form init\" aria-label=\"Formulario de contacto\" novalidate=\"novalidate\" data-status=\"init\">\n<fieldset class=\"hidden-fields-container\"><input type=\"hidden\" name=\"_wpcf7\" value=\"132\" \/><input type=\"hidden\" name=\"_wpcf7_version\" value=\"6.1.5\" \/><input type=\"hidden\" name=\"_wpcf7_locale\" value=\"es_ES\" \/><input type=\"hidden\" name=\"_wpcf7_unit_tag\" value=\"wpcf7-f132-o1\" \/><input type=\"hidden\" name=\"_wpcf7_container_post\" value=\"0\" \/><input type=\"hidden\" name=\"_wpcf7_posted_data_hash\" value=\"\" \/>\n<\/fieldset>\n<p>Su nombre (requerido)\n<\/p>\n<p><span class=\"wpcf7-form-control-wrap\" data-name=\"your-name\"><input size=\"40\" maxlength=\"400\" class=\"wpcf7-form-control wpcf7-text wpcf7-validates-as-required\" aria-required=\"true\" aria-invalid=\"false\" value=\"\" type=\"text\" name=\"your-name\" \/><\/span>\n<\/p>\n<p>Su e-mail (requerido)\n<\/p>\n<p><span class=\"wpcf7-form-control-wrap\" data-name=\"your-email\"><input size=\"40\" maxlength=\"400\" class=\"wpcf7-form-control wpcf7-email wpcf7-validates-as-required wpcf7-text wpcf7-validates-as-email\" aria-required=\"true\" aria-invalid=\"false\" value=\"\" type=\"email\" name=\"your-email\" \/><\/span>\n<\/p>\n<p>Tel\u00e9fono (requerido)\n<\/p>\n<p><span class=\"wpcf7-form-control-wrap\" data-name=\"tel-284\"><input size=\"40\" maxlength=\"400\" class=\"wpcf7-form-control wpcf7-tel wpcf7-validates-as-required wpcf7-text wpcf7-validates-as-tel\" aria-required=\"true\" aria-invalid=\"false\" value=\"\" type=\"tel\" name=\"tel-284\" \/><\/span>\n<\/p>\n<p>Asunto\n<\/p>\n<p><span class=\"wpcf7-form-control-wrap\" data-name=\"text-526\"><input size=\"40\" maxlength=\"400\" class=\"wpcf7-form-control wpcf7-text\" aria-invalid=\"false\" value=\"Ayuda a tu compa\u00f1ero\" type=\"text\" name=\"text-526\" \/><\/span>\n<\/p>\n<p>Su mensaje\n<\/p>\n<p><span class=\"wpcf7-form-control-wrap\" data-name=\"your-message\"><textarea cols=\"40\" rows=\"10\" maxlength=\"2000\" class=\"wpcf7-form-control wpcf7-textarea\" aria-invalid=\"false\" name=\"your-message\"><\/textarea><\/span>\n<\/p>\n<p><input class=\"wpcf7-form-control wpcf7-submit has-spinner\" type=\"submit\" value=\"Enviar\" \/>\n<\/p><p style=\"display: none !important;\"><label>&#916;<textarea name=\"_wpcf7_ak_hp_textarea\" cols=\"45\" rows=\"8\" maxlength=\"100\"><\/textarea><\/label><input type=\"hidden\" id=\"ak_js_1\" name=\"_wpcf7_ak_js\" value=\"235\"\/><script>document.getElementById( \"ak_js_1\" ).setAttribute( \"value\", ( new Date() ).getTime() );<\/script><\/p><div class=\"wpcf7-response-output\" aria-hidden=\"true\"><\/div>\n<\/form>\n<\/div>\n\n","protected":false},"excerpt":{"rendered":"<p>Estimados compa\u00f1eros: Esta secci\u00f3n est\u00e1 enfocado para que ayudes a tu compa\u00f1ero. Son tiempos dif\u00edciles y son muchos los compa\u00f1eros que debido a diferentes circunstancias del \u00e1mbito laboral, familiar, econ\u00f3mico ect, est\u00e1n en un momento delicado de sus vidas, si bien ,en muchas ocasiones estos h\u00e9roes, no quieren manifestar su malestar o mejor dicho, no [&hellip;]<\/p>\n","protected":false},"author":1,"featured_media":219,"parent":0,"menu_order":0,"comment_status":"closed","ping_status":"closed","template":"","meta":{"footnotes":""},"class_list":["post-139","page","type-page","status-publish","has-post-thumbnail","hentry"],"_links":{"self":[{"href":"http:\/\/vivecnp.supgalicia.com\/index.php?rest_route=\/wp\/v2\/pages\/139","targetHints":{"allow":["GET"]}}],"collection":[{"href":"http:\/\/vivecnp.supgalicia.com\/index.php?rest_route=\/wp\/v2\/pages"}],"about":[{"href":"http:\/\/vivecnp.supgalicia.com\/index.php?rest_route=\/wp\/v2\/types\/page"}],"author":[{"embeddable":true,"href":"http:\/\/vivecnp.supgalicia.com\/index.php?rest_route=\/wp\/v2\/users\/1"}],"replies":[{"embeddable":true,"href":"http:\/\/vivecnp.supgalicia.com\/index.php?rest_route=%2Fwp%2Fv2%2Fcomments&post=139"}],"version-history":[{"count":7,"href":"http:\/\/vivecnp.supgalicia.com\/index.php?rest_route=\/wp\/v2\/pages\/139\/revisions"}],"predecessor-version":[{"id":218,"href":"http:\/\/vivecnp.supgalicia.com\/index.php?rest_route=\/wp\/v2\/pages\/139\/revisions\/218"}],"wp:featuredmedia":[{"embeddable":true,"href":"http:\/\/vivecnp.supgalicia.com\/index.php?rest_route=\/wp\/v2\/media\/219"}],"wp:attachment":[{"href":"http:\/\/vivecnp.supgalicia.com\/index.php?rest_route=%2Fwp%2Fv2%2Fmedia&parent=139"}],"curies":[{"name":"wp","href":"https:\/\/api.w.org\/{rel}","templated":true}]}}